{"id":174,"date":"2018-11-02T18:11:08","date_gmt":"2018-11-02T17:11:08","guid":{"rendered":"http:\/\/vps607762.ovh.net\/fr\/?page_id=174"},"modified":"2024-09-25T16:58:46","modified_gmt":"2024-09-25T14:58:46","slug":"acceuil","status":"publish","type":"page","link":"https:\/\/academy.teeptrak.net\/fr\/","title":{"rendered":"Accueil"},"content":{"rendered":"<p>Cette plateforme de\u00a0formation en ligne est ouverte \u00e0 la demande : vous pouvez vous inscrire quand vous le souhaitez, et avancer \u00e0 votre rythme. Elle comporte plusieurs cours et le\u00e7ons permettant de vous accompagner afin d&rsquo;exploiter au mieux notre solution.<\/p>\n<p>La structure hi\u00e9rarchis\u00e9e des cours par produit est visible via l&rsquo;onglet <em><strong>arborescence des cours.<\/strong><\/em><\/p>\n<p>L&rsquo;ensemble des cours est disponible dans la section <em><strong>cours<\/strong><\/em> et un outil de recherche pratique vous permet de retrouver le contenu qui vous int\u00e9resse.<\/p>\n","protected":false},"excerpt":{"rendered":"<p>Cette plateforme de\u00a0formation en ligne est ouverte \u00e0 la demande : vous pouvez vous inscrire quand vous le souhaitez, et avancer \u00e0 votre rythme. Elle comporte plusieurs cours et le\u00e7ons permettant de vous accompagner afin d&rsquo;exploiter au mieux notre solution. La structure hi\u00e9rarchis\u00e9e des cours par produit est visible via l&rsquo;onglet arborescence des cours. L&rsquo;ensemble [&hellip;]<\/p>\n","protected":false},"author":1,"featured_media":0,"parent":0,"menu_order":0,"comment_status":"closed","ping_status":"closed","template":"","meta":{"inline_featured_image":false,"footnotes":""},"class_list":["post-174","page","type-page","status-publish","hentry"],"_links":{"self":[{"href":"https:\/\/academy.teeptrak.net\/fr\/wp-json\/wp\/v2\/pages\/174","targetHints":{"allow":["GET"]}}],"collection":[{"href":"https:\/\/academy.teeptrak.net\/fr\/wp-json\/wp\/v2\/pages"}],"about":[{"href":"https:\/\/academy.teeptrak.net\/fr\/wp-json\/wp\/v2\/types\/page"}],"author":[{"embeddable":true,"href":"https:\/\/academy.teeptrak.net\/fr\/wp-json\/wp\/v2\/users\/1"}],"replies":[{"embeddable":true,"href":"https:\/\/academy.teeptrak.net\/fr\/wp-json\/wp\/v2\/comments?post=174"}],"version-history":[{"count":4,"href":"https:\/\/academy.teeptrak.net\/fr\/wp-json\/wp\/v2\/pages\/174\/revisions"}],"predecessor-version":[{"id":5825,"href":"https:\/\/academy.teeptrak.net\/fr\/wp-json\/wp\/v2\/pages\/174\/revisions\/5825"}],"wp:attachment":[{"href":"https:\/\/academy.teeptrak.net\/fr\/wp-json\/wp\/v2\/media?parent=174"}],"curies":[{"name":"wp","href":"https:\/\/api.w.org\/{rel}","templated":true}]}}