{"id":786,"date":"2018-12-31T20:24:33","date_gmt":"2018-12-31T19:24:33","guid":{"rendered":"http:\/\/vps607762.ovh.net\/fr\/?page_id=786"},"modified":"2021-10-18T14:39:03","modified_gmt":"2021-10-18T12:39:03","slug":"arborescence-des-cours","status":"publish","type":"page","link":"https:\/\/academy.teeptrak.net\/fr\/arborescence-des-cours\/","title":{"rendered":"Arborescence des cours"},"content":{"rendered":"<div class=\"collapseomatic \" id=\"id69eb879241f29\"  tabindex=\"0\" title=\"PerfTrak\"    >PerfTrak<\/div><div id=\"target-id69eb879241f29\" class=\"collapseomatic_content \">\n<div class=\"collapseomatic \" id=\"id69eb879241f91\"  tabindex=\"0\" title=\"Mat\u00e9riel\"    >Mat\u00e9riel<\/div><div id=\"target-id69eb879241f91\" class=\"collapseomatic_content \"><div class=\"collapseomatic \" id=\"id69eb879241fc7\"  tabindex=\"0\" title=\"Module\"    >Module<\/div><div id=\"target-id69eb879241fc7\" class=\"collapseomatic_content \">\n<div class=\"collapseomatic \" id=\"id69eb879242163\"  tabindex=\"0\" title=\"Module DIN\"    >Module DIN<\/div><div id=\"target-id69eb879242163\" class=\"collapseomatic_content \"><a href=\"https:\/\/academy.teeptrak.net\/fr\/cours\/module-din\/lessons\/guide-demarrage-rapide\/\">Module DIN BT 4.0<\/a><\/p>\n<p><a href=\"https:\/\/academy.teeptrak.net\/fr\/cours\/module-din\/lessons\/schemas-de-connexion-nouveau-module-din-bt-5-0\/\">Module DIN BT 5.0<\/a><\/p>\n<p><a href=\"https:\/\/academy.teeptrak.net\/fr\/cours\/module-din\/lessons\/schemas-de-connexion-module-din-multi-machines\/\">Module DIN Multi machine BT 4.0\u00a0<\/a><\/p>\n<p><a href=\"https:\/\/academy.teeptrak.net\/fr\/cours\/module-din\/lessons\/schemas-de-connexion-nouveau-module-din-bt-5-0-multi-machines\/\">Module DIN Multi machine BT 5.0<\/a><\/div>\n<p><a href=\"https:\/\/academy.teeptrak.net\/fr\/cours\/modulestandard\/\">Module Standard<\/a><\/div>\n<p><a href=\"https:\/\/academy.teeptrak.net\/fr\/cours\/capteurs\/\">Capteur<\/a><\/p>\n<p><a href=\"https:\/\/academy.teeptrak.net\/fr\/cours\/tablette\/\">Tablette<\/a><\/p>\n<\/div>\n<div class=\"collapseomatic \" id=\"id69eb879242185\"  tabindex=\"0\" title=\"Logiciel\"    >Logiciel<\/div><div id=\"target-id69eb879242185\" class=\"collapseomatic_content \"><a href=\"https:\/\/academy.teeptrak.net\/fr\/cours\/telechargement-et-installation-de-lapplication\/\">T\u00e9l\u00e9chargement et Installation de l&rsquo;application<\/a> <div class=\"collapseomatic \" id=\"id69eb8792421b1\"  tabindex=\"0\" title=\"Connexion &amp; d\u00e9claration tablette\"    >Connexion &amp; d\u00e9claration tablette<\/div><div id=\"target-id69eb8792421b1\" class=\"collapseomatic_content \"><a href=\"https:\/\/academy.teeptrak.net\/fr\/cours\/connexions-reseaux\/\">Connexion wifi et bluetooth<\/a><\/p>\n<p><a href=\"https:\/\/academy.teeptrak.net\/fr\/cours\/connexions-reseaux\/\">Utilisateur Europ\u00e9en\/Chinois<\/a><\/p>\n<p><a href=\"https:\/\/academy.teeptrak.net\/fr\/cours\/connexions-reseaux\/lessons\/utilisateurs-multi-machines\/\">Utilisateurs Europ\u00e9en\/Chinois Multi machines<\/a><\/p>\n<p><a href=\"https:\/\/academy.teeptrak.net\/fr\/cours\/connexions-reseaux\/\">Connexion Tablette au Module BLE<\/a> <\/div>\n<div class=\"collapseomatic \" id=\"id69eb8792421ca\"  tabindex=\"0\" title=\"Interface Principale PerfTrak\"    >Interface Principale PerfTrak<\/div><div id=\"target-id69eb8792421ca\" class=\"collapseomatic_content \"> <a href=\"https:\/\/academy.teeptrak.net\/fr\/cours\/ecran-daffichage\/\">Pr\u00e9sentation g\u00e9n\u00e9rale &amp; fonctionnalit\u00e9s\u00a0<\/a><\/p>\n<p>P<a href=\"https:\/\/academy.teeptrak.net\/fr\/cours\/ecran-daffichage\/lessons\/presentation-generale-et-fonctionnalites-multi-machines\/\">r\u00e9sentation g\u00e9n\u00e9rale &amp; fonctionnalit\u00e9s Multi machines<\/a><\/p>\n<p><a href=\"https:\/\/academy.teeptrak.net\/fr\/cours\/ecran-daffichage\/\">Gestion des pertes Qualit\u00e9<\/a> <\/div>\n<div class=\"collapseomatic \" id=\"id69eb8792421d4\"  tabindex=\"0\" title=\"Param\u00e8tres\"    >Param\u00e8tres<\/div><div id=\"target-id69eb8792421d4\" class=\"collapseomatic_content \"> <div class=\"collapseomatic \" id=\"id69eb8792421ed\"  tabindex=\"0\" title=\"Param\u00e8tres de l&#039;application \"    >Param\u00e8tres de l'application <\/div><div id=\"target-id69eb8792421ed\" class=\"collapseomatic_content \"><a href=\"https:\/\/academy.teeptrak.net\/fr\/cours\/parametres\/\">Acc\u00e8s aux Param\u00e8tres<\/a><\/p>\n<p><a href=\"https:\/\/academy.teeptrak.net\/fr\/cours\/parametres\/\">Produits<\/a><\/p>\n<p><a href=\"https:\/\/academy.teeptrak.net\/fr\/cours\/parametres\/lessons\/produits-multi-machines\/\">Produits Multi machines<\/a><\/p>\n<p><a href=\"https:\/\/academy.teeptrak.net\/fr\/cours\/parametres\/\">Cat\u00e9gories de Pertes<\/a><\/p>\n<p><a href=\"https:\/\/academy.teeptrak.net\/fr\/cours\/parametres\/lessons\/categories-de-pertes-multi-machines\/\">Cat\u00e9gories de Pertes Multi machines<\/a><\/p>\n<p><a href=\"https:\/\/academy.teeptrak.net\/fr\/cours\/parametres\/\">Options<\/a><\/p>\n<p><a href=\"https:\/\/academy.teeptrak.net\/fr\/cours\/parametres\/lessons\/options-multi-machines\/\">Options Multi machines<\/a><\/p>\n<p><a href=\"https:\/\/academy.teeptrak.net\/fr\/cours\/parametres\/lessons\/taches\/\">T\u00e2ches<\/a>\u00a0<\/div>\n<div class=\"collapseomatic \" id=\"id69eb8792421fe\"  tabindex=\"0\" title=\"Param\u00e8tres G\u00e9n\u00e9raux \"    >Param\u00e8tres G\u00e9n\u00e9raux <\/div><div id=\"target-id69eb8792421fe\" class=\"collapseomatic_content \"><a href=\"https:\/\/academy.teeptrak.net\/fr\/cours\/parametres\/\">Information<\/a><\/p>\n<p><a href=\"https:\/\/academy.teeptrak.net\/fr\/cours\/parametres\/\">Journal de M\u00e0J<\/a><\/p>\n<p><a href=\"https:\/\/academy.teeptrak.net\/fr\/cours\/parametres\/\">Langues<\/a><\/div>\n<div class=\"collapseomatic \" id=\"id69eb879242207\"  tabindex=\"0\" title=\"Param\u00e8tres BLE \"    >Param\u00e8tres BLE <\/div><div id=\"target-id69eb879242207\" class=\"collapseomatic_content \"><a href=\"https:\/\/academy.teeptrak.net\/fr\/cours\/parametres\/\">Param\u00e8tres Bluetooth<\/a><\/p>\n<\/div><\/div>\n<p><a href=\"https:\/\/academy.teeptrak.net\/fr\/cours\/informer-une-perte\/\">Informer une Perte<\/a><\/p>\n<p><a href=\"https:\/\/academy.teeptrak.net\/fr\/cours\/informer-une-perte\/lessons\/2098-2\/\">Informer une Perte Multi machines<\/a><\/p>\n<p><a href=\"https:\/\/academy.teeptrak.net\/fr\/cours\/historique-des-pertes\/\">Historique des Pertes<\/a><\/p>\n<p><a href=\"https:\/\/academy.teeptrak.net\/fr\/cours\/historique-des-pertes\/lessons\/historique-des-pertes-multi-machines\/\">Historique des Pertes Multi machines<\/a><\/p>\n<p><a href=\"https:\/\/academy.teeptrak.net\/fr\/cours\/changement-de-produits\/\">Changement Produit<\/a><\/p>\n<p><a href=\"https:\/\/academy.teeptrak.net\/fr\/cours\/changement-de-produits\/lessons\/changement-de-produits-multi-machines\/\">Changement Produit Multi machines<\/a><\/p>\n<p><a href=\"https:\/\/academy.teeptrak.net\/fr\/cours\/app-lock\/\">App Lock<\/a><\/p>\n<\/div>\n<div class=\"collapseomatic \" id=\"id69eb879242233\"  tabindex=\"0\" title=\"Plateforme Web\"    >Plateforme Web<\/div><div id=\"target-id69eb879242233\" class=\"collapseomatic_content \"><div class=\"collapseomatic \" id=\"id69eb87924224d\"  tabindex=\"0\" title=\"Configuration g\u00e9n\u00e9rale\"    >Configuration g\u00e9n\u00e9rale<\/div><div id=\"target-id69eb87924224d\" class=\"collapseomatic_content \"><div class=\"collapseomatic \" id=\"id69eb87924225d\"  tabindex=\"0\" title=\"Configuration manag\u00e9riale\"    >Configuration manag\u00e9riale<\/div><div id=\"target-id69eb87924225d\" class=\"collapseomatic_content \"> <a href=\"https:\/\/academy.teeptrak.net\/fr\/cours\/configuration-du-site-web\/\">Cr\u00e9ation Usine\/Atelier\/Manager&amp;Op\u00e9rateurs<\/a>\u00a0<\/div>\n<p><a href=\"https:\/\/academy.teeptrak.net\/fr\/cours\/configuration-du-site-web\/\">Configuration de l&rsquo;arbre de pertes<\/a><\/p>\n<div class=\"collapseomatic \" id=\"id69eb879242267\"  tabindex=\"0\" title=\"Configuration Produits \"    >Configuration Produits <\/div><div id=\"target-id69eb879242267\" class=\"collapseomatic_content \"> <a href=\"https:\/\/academy.teeptrak.net\/fr\/cours\/configuration-du-site-web\/\">Produits Cycle Time et Start&amp;Stop<\/a> <\/div>\n<p><a href=\"https:\/\/academy.teeptrak.net\/fr\/cours\/configuration-du-site-web\/\">Assignation<\/a><\/p>\n<p><a href=\"https:\/\/academy.teeptrak.net\/fr\/cours\/configuration-du-site-web\/lessons\/configuration-taches\/\">Configuration T\u00e2ches<\/a><\/p>\n<\/div>\n<p><a href=\"https:\/\/academy.teeptrak.net\/fr\/cours\/configuration-tableau-de-bord\/\">Configuration Tableau de Bord<\/a><\/p>\n<p><a href=\"https:\/\/academy.teeptrak.net\/fr\/cours\/configuration-tableau-de-bord\/lessons\/tableau-de-bord-temps-reel\/\">Configuration Tableau de Bord temps r\u00e9el<\/a><\/p>\n<p><a href=\"https:\/\/academy.teeptrak.net\/fr\/cours\/configuration-tableau-de-bord\/lessons\/configuration-des-indicateurs-mtbf-mttr\/\">\u00a0Configuration des indicateurs MTBF\/MTTR\u00a0<\/a><\/p>\n<p><a href=\"https:\/\/academy.teeptrak.net\/fr\/cours\/historique-de-la-performance\/\">Historique de la performance<\/a><\/p>\n<div class=\"collapseomatic \" id=\"id69eb879242275\"  tabindex=\"0\" title=\"Configuration Rapports \"    >Configuration Rapports <\/div><div id=\"target-id69eb879242275\" class=\"collapseomatic_content \"> <a href=\"https:\/\/academy.teeptrak.net\/fr\/cours\/configuration-rapports\/\">Rapports automatiques\/manuels<\/a> <\/div>\n<p><a href=\"https:\/\/academy.teeptrak.net\/fr\/cours\/comptage-produits\/\">Comptage Produit<\/a><\/p>\n<p><a href=\"https:\/\/academy.teeptrak.net\/fr\/cours\/configuration-alarme\/\">Configuration Alarme<\/a><\/p>\n<\/div><\/div>\n","protected":false},"excerpt":{"rendered":"","protected":false},"author":1,"featured_media":0,"parent":0,"menu_order":0,"comment_status":"closed","ping_status":"closed","template":"","meta":{"inline_featured_image":false,"footnotes":""},"class_list":["post-786","page","type-page","status-publish","hentry"],"_links":{"self":[{"href":"https:\/\/academy.teeptrak.net\/fr\/wp-json\/wp\/v2\/pages\/786","targetHints":{"allow":["GET"]}}],"collection":[{"href":"https:\/\/academy.teeptrak.net\/fr\/wp-json\/wp\/v2\/pages"}],"about":[{"href":"https:\/\/academy.teeptrak.net\/fr\/wp-json\/wp\/v2\/types\/page"}],"author":[{"embeddable":true,"href":"https:\/\/academy.teeptrak.net\/fr\/wp-json\/wp\/v2\/users\/1"}],"replies":[{"embeddable":true,"href":"https:\/\/academy.teeptrak.net\/fr\/wp-json\/wp\/v2\/comments?post=786"}],"version-history":[{"count":157,"href":"https:\/\/academy.teeptrak.net\/fr\/wp-json\/wp\/v2\/pages\/786\/revisions"}],"predecessor-version":[{"id":4013,"href":"https:\/\/academy.teeptrak.net\/fr\/wp-json\/wp\/v2\/pages\/786\/revisions\/4013"}],"wp:attachment":[{"href":"https:\/\/academy.teeptrak.net\/fr\/wp-json\/wp\/v2\/media?parent=786"}],"curies":[{"name":"wp","href":"https:\/\/api.w.org\/{rel}","templated":true}]}}